{"id":9982,"date":"2026-02-23T15:41:44","date_gmt":"2026-02-23T15:41:44","guid":{"rendered":"https:\/\/e2edev2021.wpengine.com\/?page_id=9982"},"modified":"2026-02-27T20:27:43","modified_gmt":"2026-02-27T20:27:43","slug":"data-privacy-framework-policy","status":"publish","type":"page","link":"https:\/\/www.engage2excel.com\/fr\/data-privacy-framework-policy\/","title":{"rendered":"POLITIQUE CADRE EN MATI\u00c8RE DE CONFIDENTIALIT\u00c9 DES DONN\u00c9ES"},"content":{"rendered":"","protected":false},"excerpt":{"rendered":"<p> [&#8230;]<\/p>\n<p><a class=\"btn btn-secondary understrap-read-more-link\" href=\"https:\/\/www.engage2excel.com\/fr\/data-privacy-framework-policy\/\">Lire la suite&#8230;<\/a><\/p>\n","protected":false},"author":4,"featured_media":0,"parent":0,"menu_order":0,"comment_status":"closed","ping_status":"closed","template":"","meta":{"_acf_changed":false,"footnotes":""},"class_list":["post-9982","page","type-page","status-publish","hentry"],"acf":[],"yoast_head":"<!-- This site is optimized with the Yoast SEO Premium plugin v26.6 (Yoast SEO v27.4) - https:\/\/yoast.com\/product\/yoast-seo-premium-wordpress\/ -->\n<title>POLITIQUE CADRE EN MATI\u00c8RE DE CONFIDENTIALIT\u00c9 DES DONN\u00c9ES - Engage2Excel<\/title>\n<meta name=\"robots\" content=\"index, follow, max-snippet:-1, max-image-preview:large, max-video-preview:-1\" \/>\n<link rel=\"canonical\" href=\"https:\/\/www.engage2excel.com\/fr\/data-privacy-framework-policy\/\" \/>\n<meta property=\"og:locale\" content=\"fr_FR\" \/>\n<meta property=\"og:type\" content=\"article\" \/>\n<meta property=\"og:title\" content=\"POLITIQUE CADRE EN MATI\u00c8RE DE CONFIDENTIALIT\u00c9 DES DONN\u00c9ES\" \/>\n<meta property=\"og:description\" content=\"[...]Lire la suite...\" \/>\n<meta property=\"og:url\" content=\"https:\/\/www.engage2excel.com\/fr\/data-privacy-framework-policy\/\" \/>\n<meta property=\"og:site_name\" content=\"Engage2Excel\" \/>\n<meta property=\"article:publisher\" content=\"https:\/\/www.facebook.com\/Engage2Excel\" \/>\n<meta property=\"article:modified_time\" content=\"2026-02-27T20:27:43+00:00\" \/>\n<meta name=\"twitter:card\" content=\"summary_large_image\" \/>\n<script type=\"application\/ld+json\" class=\"yoast-schema-graph\">{\"@context\":\"https:\\\/\\\/schema.org\",\"@graph\":[{\"@type\":\"WebPage\",\"@id\":\"https:\\\/\\\/www.engage2excel.com\\\/fr\\\/data-privacy-framework-policy\\\/\",\"url\":\"https:\\\/\\\/www.engage2excel.com\\\/fr\\\/data-privacy-framework-policy\\\/\",\"name\":\"POLITIQUE CADRE EN MATI\u00c8RE DE CONFIDENTIALIT\u00c9 DES DONN\u00c9ES - Engage2Excel\",\"isPartOf\":{\"@id\":\"https:\\\/\\\/www.engage2excel.com\\\/#website\"},\"datePublished\":\"2026-02-23T15:41:44+00:00\",\"dateModified\":\"2026-02-27T20:27:43+00:00\",\"breadcrumb\":{\"@id\":\"https:\\\/\\\/www.engage2excel.com\\\/fr\\\/data-privacy-framework-policy\\\/#breadcrumb\"},\"inLanguage\":\"fr-FR\",\"potentialAction\":[{\"@type\":\"ReadAction\",\"target\":[\"https:\\\/\\\/www.engage2excel.com\\\/fr\\\/data-privacy-framework-policy\\\/\"]}]},{\"@type\":\"BreadcrumbList\",\"@id\":\"https:\\\/\\\/www.engage2excel.com\\\/fr\\\/data-privacy-framework-policy\\\/#breadcrumb\",\"itemListElement\":[{\"@type\":\"ListItem\",\"position\":1,\"name\":\"ACCUEIL\",\"item\":\"https:\\\/\\\/www.engage2excel.com\\\/fr\\\/\"},{\"@type\":\"ListItem\",\"position\":2,\"name\":\"POLITIQUE CADRE EN MATI\u00c8RE DE CONFIDENTIALIT\u00c9 DES DONN\u00c9ES\"}]},{\"@type\":\"WebSite\",\"@id\":\"https:\\\/\\\/www.engage2excel.com\\\/#website\",\"url\":\"https:\\\/\\\/www.engage2excel.com\\\/\",\"name\":\"Engage2Excel\",\"description\":\"Engage2Excel\u00ae is a global leader in creating innovative candidate and employee experiences. Our proprietary suite of recruitment, onboarding, employee recognition, manager development and employee survey solutions is designed to help organizations find and retain their talent.\",\"publisher\":{\"@id\":\"https:\\\/\\\/www.engage2excel.com\\\/#organization\"},\"potentialAction\":[{\"@type\":\"SearchAction\",\"target\":{\"@type\":\"EntryPoint\",\"urlTemplate\":\"https:\\\/\\\/www.engage2excel.com\\\/?s={search_term_string}\"},\"query-input\":{\"@type\":\"PropertyValueSpecification\",\"valueRequired\":true,\"valueName\":\"search_term_string\"}}],\"inLanguage\":\"fr-FR\"},{\"@type\":\"Organization\",\"@id\":\"https:\\\/\\\/www.engage2excel.com\\\/#organization\",\"name\":\"Engage2Excel\",\"url\":\"https:\\\/\\\/www.engage2excel.com\\\/\",\"logo\":{\"@type\":\"ImageObject\",\"inLanguage\":\"fr-FR\",\"@id\":\"https:\\\/\\\/www.engage2excel.com\\\/#\\\/schema\\\/logo\\\/image\\\/\",\"url\":\"https:\\\/\\\/www.engage2excel.com\\\/wp-content\\\/uploads\\\/2025\\\/12\\\/Engage2Excel_Logo_REV2-2.png\",\"contentUrl\":\"https:\\\/\\\/www.engage2excel.com\\\/wp-content\\\/uploads\\\/2025\\\/12\\\/Engage2Excel_Logo_REV2-2.png\",\"width\":964,\"height\":210,\"caption\":\"Engage2Excel\"},\"image\":{\"@id\":\"https:\\\/\\\/www.engage2excel.com\\\/#\\\/schema\\\/logo\\\/image\\\/\"},\"sameAs\":[\"https:\\\/\\\/www.facebook.com\\\/Engage2Excel\",\"https:\\\/\\\/www.linkedin.com\\\/company\\\/1366783\\\/\"]}]}<\/script>\n<!-- \/ Yoast SEO Premium plugin. -->","yoast_head_json":{"title":"POLITIQUE CADRE EN MATI\u00c8RE DE CONFIDENTIALIT\u00c9 DES DONN\u00c9ES - Engage2Excel","robots":{"index":"index","follow":"follow","max-snippet":"max-snippet:-1","max-image-preview":"max-image-preview:large","max-video-preview":"max-video-preview:-1"},"canonical":"https:\/\/www.engage2excel.com\/fr\/data-privacy-framework-policy\/","og_locale":"fr_FR","og_type":"article","og_title":"POLITIQUE CADRE EN MATI\u00c8RE DE CONFIDENTIALIT\u00c9 DES DONN\u00c9ES","og_description":"[...]Lire la suite...","og_url":"https:\/\/www.engage2excel.com\/fr\/data-privacy-framework-policy\/","og_site_name":"Engage2Excel","article_publisher":"https:\/\/www.facebook.com\/Engage2Excel","article_modified_time":"2026-02-27T20:27:43+00:00","twitter_card":"summary_large_image","schema":{"@context":"https:\/\/schema.org","@graph":[{"@type":"WebPage","@id":"https:\/\/www.engage2excel.com\/fr\/data-privacy-framework-policy\/","url":"https:\/\/www.engage2excel.com\/fr\/data-privacy-framework-policy\/","name":"POLITIQUE CADRE EN MATI\u00c8RE DE CONFIDENTIALIT\u00c9 DES DONN\u00c9ES - Engage2Excel","isPartOf":{"@id":"https:\/\/www.engage2excel.com\/#website"},"datePublished":"2026-02-23T15:41:44+00:00","dateModified":"2026-02-27T20:27:43+00:00","breadcrumb":{"@id":"https:\/\/www.engage2excel.com\/fr\/data-privacy-framework-policy\/#breadcrumb"},"inLanguage":"fr-FR","potentialAction":[{"@type":"ReadAction","target":["https:\/\/www.engage2excel.com\/fr\/data-privacy-framework-policy\/"]}]},{"@type":"BreadcrumbList","@id":"https:\/\/www.engage2excel.com\/fr\/data-privacy-framework-policy\/#breadcrumb","itemListElement":[{"@type":"ListItem","position":1,"name":"ACCUEIL","item":"https:\/\/www.engage2excel.com\/fr\/"},{"@type":"ListItem","position":2,"name":"POLITIQUE CADRE EN MATI\u00c8RE DE CONFIDENTIALIT\u00c9 DES DONN\u00c9ES"}]},{"@type":"WebSite","@id":"https:\/\/www.engage2excel.com\/#website","url":"https:\/\/www.engage2excel.com\/","name":"Engage2Excel","description":"Engage2Excel\u00ae is a global leader in creating innovative candidate and employee experiences. Our proprietary suite of recruitment, onboarding, employee recognition, manager development and employee survey solutions is designed to help organizations find and retain their talent.","publisher":{"@id":"https:\/\/www.engage2excel.com\/#organization"},"potentialAction":[{"@type":"SearchAction","target":{"@type":"EntryPoint","urlTemplate":"https:\/\/www.engage2excel.com\/?s={search_term_string}"},"query-input":{"@type":"PropertyValueSpecification","valueRequired":true,"valueName":"search_term_string"}}],"inLanguage":"fr-FR"},{"@type":"Organization","@id":"https:\/\/www.engage2excel.com\/#organization","name":"Engage2Excel","url":"https:\/\/www.engage2excel.com\/","logo":{"@type":"ImageObject","inLanguage":"fr-FR","@id":"https:\/\/www.engage2excel.com\/#\/schema\/logo\/image\/","url":"https:\/\/www.engage2excel.com\/wp-content\/uploads\/2025\/12\/Engage2Excel_Logo_REV2-2.png","contentUrl":"https:\/\/www.engage2excel.com\/wp-content\/uploads\/2025\/12\/Engage2Excel_Logo_REV2-2.png","width":964,"height":210,"caption":"Engage2Excel"},"image":{"@id":"https:\/\/www.engage2excel.com\/#\/schema\/logo\/image\/"},"sameAs":["https:\/\/www.facebook.com\/Engage2Excel","https:\/\/www.linkedin.com\/company\/1366783\/"]}]}},"_links":{"self":[{"href":"https:\/\/www.engage2excel.com\/fr\/wp-json\/wp\/v2\/pages\/9982","targetHints":{"allow":["GET"]}}],"collection":[{"href":"https:\/\/www.engage2excel.com\/fr\/wp-json\/wp\/v2\/pages"}],"about":[{"href":"https:\/\/www.engage2excel.com\/fr\/wp-json\/wp\/v2\/types\/page"}],"author":[{"embeddable":true,"href":"https:\/\/www.engage2excel.com\/fr\/wp-json\/wp\/v2\/users\/4"}],"replies":[{"embeddable":true,"href":"https:\/\/www.engage2excel.com\/fr\/wp-json\/wp\/v2\/comments?post=9982"}],"version-history":[{"count":0,"href":"https:\/\/www.engage2excel.com\/fr\/wp-json\/wp\/v2\/pages\/9982\/revisions"}],"wp:attachment":[{"href":"https:\/\/www.engage2excel.com\/fr\/wp-json\/wp\/v2\/media?parent=9982"}],"curies":[{"name":"wp","href":"https:\/\/api.w.org\/{rel}","templated":true}]}}